{"id":365,"date":"2019-12-09T17:43:05","date_gmt":"2019-12-09T17:43:05","guid":{"rendered":"https:\/\/www.enohistoria.com\/home\/"},"modified":"2026-03-22T19:16:36","modified_gmt":"2026-03-22T19:16:36","slug":"home","status":"publish","type":"page","link":"https:\/\/www.enohistoria.com\/cat\/","title":{"rendered":"Enohist\u00f2ria"},"content":{"rendered":"<div id=\"cs-content\" class=\"cs-content\"><div class=\"x-section e365-e1 ma5-0 ma5-1 ma5-2 ma5-3\" id=\"enohistoria\"><div class=\"x-bg\" aria-hidden=\"true\"><div class=\"x-bg-layer-lower-image\" data-x-element-bg-layer=\"{&quot;parallaxSize&quot;:&quot;150%&quot;,&quot;parallaxDir&quot;:&quot;v&quot;,&quot;parallaxRev&quot;:false}\"><\/div><div class=\"x-bg-layer-upper-color\"><\/div><\/div><div class=\"x-row x-container max width e365-e2 ma5-6 ma5-7 ma5-9\"><div class=\"x-row-inner\"><div class=\"x-col e365-e3 ma5-d\"><div class=\"x-text x-text-headline e365-e4 ma5-f\"><div class=\"x-text-content\"><div class=\"x-text-content-text\"><h1 class=\"x-text-content-text-primary\">Barrejar vi i hist\u00f2ria suposa un viatge al passat.<\/h1>\n<\/div><\/div><\/div><hr class=\"x-line e365-e5 ma5-g\"\/><\/div><div class=\"x-col e365-e6 ma5-d\"><div class=\"x-text x-content e365-e7 ma5-h ma5-i p-resp\"><p><strong>A trav\u00e9s de l\u2019arqueologia descobrim quan i com es va crear la ind\u00fastria vin\u00edcola i, sobretot, com un cop domesticada la planta es va inventar una religi\u00f3 per controlar el proc\u00e9s, el producte i els seus beneficis.<\/strong><\/p>\n<p>A la Mediterr\u00e0nia els grecs van crear un mite al voltant de la vinya. Observant el cicle de vida i mort de la planta, la transformaci\u00f3 del ra\u00efm en vi, van crear una simbologia per personificar la vinya i la natura que l\u2019envoltava. Van anomenar oinos al vi i li van donar forma humana convertint-lo en un d\u00e9u, Dionysos, el portador d\u2019una religi\u00f3 que es va estendre per tota la Mediterr\u00e0nia antiga. L\u2019imaginari grec va ser adoptat per Roma, que canvi\u00e0 el nom a Dionysos per anomenar-lo Bacchus.<\/p>\n<p>Utilitzant la recreaci\u00f3 hist\u00f2rica, la enohist\u00f2ria, podem viatjar al passat condu\u00efts per aquesta religi\u00f3 grecoromana i observar la naturalesa i la vinya per assistir al seu cicle vital i al proc\u00e9s de transformaci\u00f3 del vi al llarg de les estacions.<a href=\"https:\/\/www.enohistoria.com\/cat\/\"><\/a><\/p><\/div><\/div><\/div><\/div><\/div><div class=\"x-section e365-e8 ma5-0 ma5-1 ma5-4\" id=\"actividades\"><div class=\"x-bg\" aria-hidden=\"true\"><div class=\"x-bg-layer-upper-color\"><\/div><\/div><div class=\"x-row x-container max width e365-e9 ma5-6 ma5-8 ma5-a ma5-b\"><section class=\"x-row-inner\"><div class=\"x-col e365-e10 ma5-d ma5-e\"><div class=\"x-text x-text-headline e365-e11 ma5-f\"><div class=\"x-text-content\"><div class=\"x-text-content-text\"><h1 class=\"x-text-content-text-primary\">Activitats<\/h1>\n<\/div><\/div><\/div><hr class=\"x-line e365-e12 ma5-g\"\/><div class=\"x-text x-content e365-e13 ma5-i ma5-j\"><p>En l\u2019Antiguitat la religi\u00f3 ho impregna tot i marca la vida quotidiana d\u2019homes i dones. Molts cultes estan vinculats a l\u2019alimentaci\u00f3 perqu\u00e8 hi ha una categoria d\u2019aliments sagrats, b\u00e0sics en la dieta i en l\u2019economia, controlats per les elits pol\u00edtiques a trav\u00e9s de la religi\u00f3. Un d\u2019aquests aliments, el vi, va generar una potent activitat econ\u00f2mica, la vinicultura. Grecs i romans el van utilitzar com a motor econ\u00f2mic i tamb\u00e9 com a producte cultural a trav\u00e9s de la religi\u00f3.<\/p>\n<p>El nostre objectiu \u00e9s donar a con\u00e8ixer a trav\u00e9s de la recreaci\u00f3 hist\u00f2rica el complex m\u00f3n de s\u00edmbols, mites i rituals relacionats amb el vi.<\/p>\n<p>Narrem la hist\u00f2ria a trav\u00e9s del medi f\u00edsic (vinya, celler) utilitzant personatges mitol\u00f2gics que recreen l\u2019imaginari del d\u00e9u del vi, del Dionysos grec al Bacchus rom\u00e0.<\/p>\n<p>Les activitats estan dissenyades sobre la base de la proximitat amb l\u2019espectador, per transmetre una experi\u00e8ncia no nom\u00e9s auditiva, a trav\u00e9s del relat, sin\u00f3 tamb\u00e9 sensorial a trav\u00e9s de la vista, l\u2019olfacte i el gust.<\/p>\n<p>Les activitats es poden realitzar en diversos escenaris: la vinya, el celler o en un altre espai f\u00edsic com pugui ser la casa rural o l\u2019hotel.<\/p><\/div><\/div><\/section><\/div><\/div><div class=\"x-section e365-e14 ma5-0 ma5-3 ma5-5\" id=\"nemesis\"><div class=\"x-bg\" aria-hidden=\"true\"><div class=\"x-bg-layer-lower-image\" data-x-element-bg-layer=\"{&quot;parallaxSize&quot;:&quot;150%&quot;,&quot;parallaxDir&quot;:&quot;v&quot;,&quot;parallaxRev&quot;:false}\"><\/div><div class=\"x-bg-layer-upper-color\"><\/div><\/div><div class=\"x-row x-container max width e365-e15 ma5-6 ma5-8 ma5-a ma5-c\"><div class=\"x-row-inner\"><div class=\"x-col e365-e16 ma5-d ma5-e\"><div class=\"x-text x-text-headline e365-e17 ma5-f\"><div class=\"x-text-content\"><div class=\"x-text-content-text\"><h1 class=\"x-text-content-text-primary\">Sobre Nosaltres<\/h1>\n<\/div><\/div><\/div><hr class=\"x-line e365-e18 ma5-g\"\/><div class=\"x-text x-content e365-e19 ma5-i ma5-j\"><p><strong>NEMESIS ARQUEOLOGIA I DIFUSI\u00d3 CULTURAL<\/strong> \u00e9s una empresa dedicada a l\u2019arqueologia i la difusi\u00f3\u00a0cultural creada l\u2019any 1999 a la ciutat de Tarragona.<\/p>\n<p>El nostre treball es centra en la realitzaci\u00f3 de prospeccions i excavacions\u00a0arqueol\u00f2giques, estudis hist\u00f2rics, confer\u00e8ncies, cursos, tallers did\u00e0ctics, visites\u00a0culturals.<\/p>\n<p>Recreem el passat per a un espectador curi\u00f3s al qual li agrada la hist\u00f2ria: el\u00a0turista cultural.<\/p>\n<p>A NEMESIS expliquem la hist\u00f2ria de forma amena recreant personatges\u00a0adaptats a les nostres activitats per aconseguir una immersi\u00f3 en el passat d\u2019una manera \u00fanica, conformant una experi\u00e8ncia directa i sensorial.<\/p>\n<p><strong>NEMESIS ARQUEOLOGIA I DIFUSI\u00d3 CULTURAL<\/strong> ha realitzat treballs arqueol\u00f2gics a monuments Patrimoni Mundial UNESCO de Tarragona: muralles, circ, necr\u00f2polis paleocristiana i aq\u00fceducte de les Ferreres. La nostra empresa ha dut a terme m\u00e9s de 400 intervencions arqueol\u00f2giques a Catalunya i Balears.<\/p>\n<p>En el camp de la difusi\u00f3 cultural la nostra experi\u00e8ncia inclou la realitzaci\u00f3 de camps de treball arqueol\u00f2gics, visites culturals, confer\u00e8ncies i tallers did\u00e0ctics.<\/p>\n<p>Des de l\u2019any 1999, <strong>NEMESIS ARQUEOLOGIA I DIFUSI\u00d3 CULTURAL<\/strong> participa al Festival Internacional T\u00c0RRACO VIVA dinamitzant diversos monuments Patrimoni Mundial UNESCO de Tarragona mitjan\u00e7ant la recreaci\u00f3 hist\u00f2rica. A Tarragona hem treballat al f\u00f2rum de la Col\u00f2nia, amfiteatre, muralles i bas\u00edlica paleocristiana de Parc Central.<\/p>\n<p>Des de 2012 participem a les Jornades HIST\u00d2RIA VIVA i TARRAGONA FAMILY WEEK recreant l\u2019amfiteatre. Dins de la prov\u00edncia hem realitzat activitats de recreaci\u00f3 a Alcanar, Altafulla, Falset, Mas-roig, Porrera i el Vendrell. Fora de la prov\u00edncia a Lleida, C\u00f2rdova i Saragossa<\/p><\/div><hr class=\"x-line e365-e20 ma5-g\"\/><div class=\"x-div e365-e21 ma5-k\"><a class=\"x-anchor x-anchor-button has-graphic e365-e22 ma5-l\" tabindex=\"0\" href=\"https:\/\/nemesisarch.com\/\" target=\"_blank\" rel=\"noopener noreferrer\"><div class=\"x-anchor-content\"><span class=\"x-graphic\" aria-hidden=\"true\"><i class=\"x-icon x-graphic-child x-graphic-icon x-graphic-primary\" aria-hidden=\"true\" data-x-icon-s=\"&#xf0a9;\"><\/i><\/span><div class=\"x-anchor-text\"><span class=\"x-anchor-text-primary\">lloc web principal<\/span><\/div><\/div><\/a><\/div><\/div><\/div><\/div><\/div><span data-x-element-responsive-text=\"{&quot;selector&quot;:&quot;.h-resp .x-text-content-text-primary&quot;,&quot;compression&quot;:&quot;0.95&quot;,&quot;minFontSize&quot;:&quot;32px&quot;,&quot;maxFontSize&quot;:&quot;54px&quot;}\" class=\"e365-e23\"><\/span><span data-x-element-responsive-text=\"{&quot;selector&quot;:&quot;.p-resp&quot;,&quot;compression&quot;:&quot;2.5&quot;,&quot;minFontSize&quot;:&quot;16px&quot;,&quot;maxFontSize&quot;:&quot;21px&quot;}\" class=\"e365-e24\"><\/span><span data-x-element-responsive-text=\"{&quot;selector&quot;:&quot;.x-counter &gt; span&quot;,&quot;compression&quot;:&quot;2.5&quot;,&quot;minFontSize&quot;:&quot;14px&quot;,&quot;maxFontSize&quot;:&quot;18px&quot;}\" class=\"e365-e25\"><\/span><span data-x-element-responsive-text=\"{&quot;selector&quot;:&quot;.x-counter &gt; .number-wrap&quot;,&quot;compression&quot;:&quot;0.85&quot;,&quot;minFontSize&quot;:&quot;32px&quot;,&quot;maxFontSize&quot;:&quot;72px&quot;}\" class=\"e365-e26\"><\/span><\/div>","protected":false},"excerpt":{"rendered":"<p>Mezclar vino e historia supone un viaje al pasado. A trav\u00e9s de la arqueolog\u00eda descubrimos cu\u00e1ndo y c\u00f3mo se cre\u00f3 la industria\u00a0vin\u00edcola y, sobretodo, c\u00f3mo una vez domesticada la planta se invent\u00f3 una\u00a0religi\u00f3n para controlar el proceso, el producto y sus beneficios. En el Mediterr\u00e1neo los griegos crearon un mito alrededor de la vid. Observando\u00a0el ciclo de vida y muerte&hellip;<\/p>","protected":false},"author":1,"featured_media":0,"parent":0,"menu_order":0,"comment_status":"closed","ping_status":"closed","template":"template-blank-4.php","meta":{"footnotes":""},"class_list":["post-365","page","type-page","status-publish","hentry","no-post-thumbnail"],"_links":{"self":[{"href":"https:\/\/www.enohistoria.com\/cat\/wp-json\/wp\/v2\/pages\/365","targetHints":{"allow":["GET"]}}],"collection":[{"href":"https:\/\/www.enohistoria.com\/cat\/wp-json\/wp\/v2\/pages"}],"about":[{"href":"https:\/\/www.enohistoria.com\/cat\/wp-json\/wp\/v2\/types\/page"}],"author":[{"embeddable":true,"href":"https:\/\/www.enohistoria.com\/cat\/wp-json\/wp\/v2\/users\/1"}],"replies":[{"embeddable":true,"href":"https:\/\/www.enohistoria.com\/cat\/wp-json\/wp\/v2\/comments?post=365"}],"version-history":[{"count":29,"href":"https:\/\/www.enohistoria.com\/cat\/wp-json\/wp\/v2\/pages\/365\/revisions"}],"predecessor-version":[{"id":410,"href":"https:\/\/www.enohistoria.com\/cat\/wp-json\/wp\/v2\/pages\/365\/revisions\/410"}],"wp:attachment":[{"href":"https:\/\/www.enohistoria.com\/cat\/wp-json\/wp\/v2\/media?parent=365"}],"curies":[{"name":"wp","href":"https:\/\/api.w.org\/{rel}","templated":true}]}}